{"id":6391,"date":"2026-03-24T20:04:13","date_gmt":"2026-03-24T23:04:13","guid":{"rendered":"https:\/\/clubreconquista.org.ar\/?page_id=6391"},"modified":"2026-03-25T10:23:49","modified_gmt":"2026-03-25T13:23:49","slug":"6391-2","status":"publish","type":"page","link":"https:\/\/clubreconquista.org.ar\/index.php\/6391-2\/","title":{"rendered":"Biblioteca"},"content":{"rendered":"\n<div class=\"wp-block-uagb-container uagb-block-8f364b8a alignfull uagb-is-root-container\"><div class=\"uagb-container-inner-blocks-wrap\">\n<div data-aos= \"fade\" data-aos-duration=\"400\" data-aos-delay=\"0\" data-aos-easing=\"ease\" data-aos-once=\"true\" class=\"wp-block-uagb-container uagb-block-72fa77e1\">\n<div class=\"wp-block-uagb-container uagb-block-8161cf8d\">\n<div class=\"wp-block-columns is-layout-flex wp-container-core-columns-is-layout-7387b849 wp-block-columns-is-layout-flex\">\n<div class=\"wp-block-column is-layout-flow wp-block-column-is-layout-flow\">\n<h2 class=\"wp-block-heading has-text-color has-link-color wp-elements-0d874961390f44fe2f96a0652bee6a2f\" style=\"color:#221d21;font-size:20px;font-style:normal;font-weight:800;text-transform:uppercase\">Biblioteca<\/h2>\n<\/div>\n<\/div>\n\n\n\n<div class=\"wp-block-uagb-container uagb-block-76deda47\">\n<p class=\"paragraph has-text-color has-link-color wp-elements-c31de43fd8fead40806d3491290b9aac wp-block-paragraph\" style=\"color:#221d21;margin-top:0;margin-bottom:0;font-size:18px\">Un espacio pensado para explorar, aprender y descubrir. En la biblioteca de Reconquista vas a encontrar una selecci\u00f3n de contenidos \u00fatiles, interesantes y en constante actualizaci\u00f3n: desde recomendaciones culturales y gu\u00edas locales hasta recursos para aprovechar al m\u00e1ximo la ciudad. Todo organizado para que encuentres r\u00e1pido lo que busc\u00e1s y siempre tengas algo nuevo por descubrir.<\/p>\n<\/div>\n\n\n\n<div class=\"wp-block-uagb-container uagb-block-80c47042\">\n<div class=\"wp-block-cover wp-duotone-unset-1\" style=\"border-top-left-radius:5px;border-top-right-radius:5px;border-bottom-left-radius:5px;border-bottom-right-radius:5px\"><img loading=\"lazy\" decoding=\"async\" width=\"683\" height=\"1024\" class=\"wp-block-cover__image-background wp-image-6392 size-large\" alt=\"\" src=\"https:\/\/clubreconquista.org.ar\/wp-content\/uploads\/2026\/03\/DSC7218-683x1024.webp\" style=\"object-position:48% 33%\" data-object-fit=\"cover\" data-object-position=\"48% 33%\" srcset=\"https:\/\/clubreconquista.org.ar\/wp-content\/uploads\/2026\/03\/DSC7218-683x1024.webp 683w, https:\/\/clubreconquista.org.ar\/wp-content\/uploads\/2026\/03\/DSC7218-200x300.webp 200w, https:\/\/clubreconquista.org.ar\/wp-content\/uploads\/2026\/03\/DSC7218-768x1152.webp 768w, https:\/\/clubreconquista.org.ar\/wp-content\/uploads\/2026\/03\/DSC7218-1024x1536.webp 1024w, https:\/\/clubreconquista.org.ar\/wp-content\/uploads\/2026\/03\/DSC7218-1365x2048.webp 1365w, https:\/\/clubreconquista.org.ar\/wp-content\/uploads\/2026\/03\/DSC7218-scaled.webp 1707w\" sizes=\"auto, (max-width: 683px) 100vw, 683px\" \/><span aria-hidden=\"true\" class=\"wp-block-cover__background has-ast-global-color-8-background-color has-background-dim-0 has-background-dim\"><\/span><div class=\"wp-block-cover__inner-container is-layout-flow wp-block-cover-is-layout-flow\">\n<p class=\"wp-block-paragraph\"><\/p>\n<\/div><\/div>\n\n\n\n<div class=\"wp-block-uagb-container uagb-block-ff84f0c5\">\n<div class=\"wp-block-uagb-container uagb-block-c5114cb3\">\n<div class=\"wp-block-columns is-layout-flex wp-container-core-columns-is-layout-7387b849 wp-block-columns-is-layout-flex\">\n<div class=\"wp-block-column is-layout-flow wp-block-column-is-layout-flow\">\n<figure class=\"wp-block-image size-full is-resized\"><img loading=\"lazy\" decoding=\"async\" width=\"1707\" height=\"2560\" src=\"https:\/\/clubreconquista.org.ar\/wp-content\/uploads\/2026\/03\/DSC7211-2-scaled.webp\" alt=\"\" class=\"wp-image-6405\" style=\"aspect-ratio:3\/2;object-fit:cover;width:auto;height:300px\" srcset=\"https:\/\/clubreconquista.org.ar\/wp-content\/uploads\/2026\/03\/DSC7211-2-scaled.webp 1707w, https:\/\/clubreconquista.org.ar\/wp-content\/uploads\/2026\/03\/DSC7211-2-200x300.webp 200w, https:\/\/clubreconquista.org.ar\/wp-content\/uploads\/2026\/03\/DSC7211-2-683x1024.webp 683w, https:\/\/clubreconquista.org.ar\/wp-content\/uploads\/2026\/03\/DSC7211-2-768x1152.webp 768w, https:\/\/clubreconquista.org.ar\/wp-content\/uploads\/2026\/03\/DSC7211-2-1024x1536.webp 1024w, https:\/\/clubreconquista.org.ar\/wp-content\/uploads\/2026\/03\/DSC7211-2-1365x2048.webp 1365w\" sizes=\"auto, (max-width: 1707px) 100vw, 1707px\" \/><\/figure>\n<\/div>\n\n\n\n<div class=\"wp-block-column is-layout-flow wp-block-column-is-layout-flow\">\n<figure class=\"wp-block-image size-large is-resized\"><img loading=\"lazy\" decoding=\"async\" width=\"683\" height=\"1024\" src=\"https:\/\/clubreconquista.org.ar\/wp-content\/uploads\/2026\/03\/DSC7220-2-683x1024.webp\" alt=\"\" class=\"wp-image-6404\" style=\"aspect-ratio:3\/2;object-fit:cover;width:auto;height:300px\" srcset=\"https:\/\/clubreconquista.org.ar\/wp-content\/uploads\/2026\/03\/DSC7220-2-683x1024.webp 683w, https:\/\/clubreconquista.org.ar\/wp-content\/uploads\/2026\/03\/DSC7220-2-200x300.webp 200w, https:\/\/clubreconquista.org.ar\/wp-content\/uploads\/2026\/03\/DSC7220-2-768x1152.webp 768w, https:\/\/clubreconquista.org.ar\/wp-content\/uploads\/2026\/03\/DSC7220-2-1024x1536.webp 1024w, https:\/\/clubreconquista.org.ar\/wp-content\/uploads\/2026\/03\/DSC7220-2-1365x2048.webp 1365w, https:\/\/clubreconquista.org.ar\/wp-content\/uploads\/2026\/03\/DSC7220-2-scaled.webp 1707w\" sizes=\"auto, (max-width: 683px) 100vw, 683px\" \/><\/figure>\n<\/div>\n\n\n\n<div class=\"wp-block-column is-layout-flow wp-block-column-is-layout-flow\">\n<figure class=\"wp-block-image size-large is-resized\"><img loading=\"lazy\" decoding=\"async\" width=\"683\" height=\"1024\" src=\"https:\/\/clubreconquista.org.ar\/wp-content\/uploads\/2026\/03\/DSC7215-683x1024.webp\" alt=\"\" class=\"wp-image-6418\" style=\"aspect-ratio:3\/2;object-fit:cover;object-position:56% 23%;width:auto;height:300px\" srcset=\"https:\/\/clubreconquista.org.ar\/wp-content\/uploads\/2026\/03\/DSC7215-683x1024.webp 683w, https:\/\/clubreconquista.org.ar\/wp-content\/uploads\/2026\/03\/DSC7215-200x300.webp 200w, https:\/\/clubreconquista.org.ar\/wp-content\/uploads\/2026\/03\/DSC7215-768x1152.webp 768w, https:\/\/clubreconquista.org.ar\/wp-content\/uploads\/2026\/03\/DSC7215-1024x1536.webp 1024w, https:\/\/clubreconquista.org.ar\/wp-content\/uploads\/2026\/03\/DSC7215-1365x2048.webp 1365w, https:\/\/clubreconquista.org.ar\/wp-content\/uploads\/2026\/03\/DSC7215-1320x1980.webp 1320w, https:\/\/clubreconquista.org.ar\/wp-content\/uploads\/2026\/03\/DSC7215-600x900.webp 600w, https:\/\/clubreconquista.org.ar\/wp-content\/uploads\/2026\/03\/DSC7215-scaled.webp 1706w\" sizes=\"auto, (max-width: 683px) 100vw, 683px\" \/><\/figure>\n<\/div>\n<\/div>\n<\/div>\n<\/div>\n<\/div>\n\n\n\n<div class=\"wp-block-uagb-container uagb-block-282c84ce\">\n<div class=\"wp-block-columns is-layout-flex wp-container-core-columns-is-layout-7387b849 wp-block-columns-is-layout-flex\">\n<div class=\"wp-block-column is-layout-flow wp-block-column-is-layout-flow\">\n<h2 class=\"wp-block-heading has-ast-global-color-8-color has-text-color has-link-color wp-elements-d1a391e0de44dcffce5aff215b5a8523\" style=\"font-size:20px;font-style:normal;font-weight:800;text-transform:uppercase\">Horario<\/h2>\n<\/div>\n<\/div>\n\n\n\n<div class=\"wp-block-uagb-container uagb-block-d739aa06\">\n<p class=\"has-text-align-center hours-library has-ast-global-color-8-color has-text-color has-link-color has-cardo-font-family wp-elements-4361c2588c6a27aa51309322ed624e69 wp-block-paragraph\" style=\"font-size:30px;text-transform:uppercase\">15.00 a 19.30 hs.<\/p>\n<\/div>\n<\/div>\n<\/div>\n<\/div>\n<\/div><\/div>\n\n\n\n<p class=\"wp-block-paragraph\"><\/p>\n","protected":false},"excerpt":{"rendered":"<p>Biblioteca Un espacio pensado para explorar, aprender y descubrir. En la biblioteca de Reconquista vas a encontrar una selecci\u00f3n de contenidos \u00fatiles, interesantes y en constante actualizaci\u00f3n: desde recomendaciones culturales y gu\u00edas locales hasta recursos para aprovechar al m\u00e1ximo la ciudad. Todo organizado para que encuentres r\u00e1pido lo que busc\u00e1s y siempre tengas algo nuevo [&hellip;]<\/p>\n","protected":false},"author":3,"featured_media":0,"parent":0,"menu_order":0,"comment_status":"closed","ping_status":"closed","template":"","meta":{"_crdt_document":"","_uag_custom_page_level_css":"","_monsterinsights_skip_tracking":false,"_monsterinsights_sitenote_active":false,"_monsterinsights_sitenote_note":"","_monsterinsights_sitenote_category":0,"site-sidebar-layout":"default","site-content-layout":"","ast-site-content-layout":"default","site-content-style":"default","site-sidebar-style":"default","ast-global-header-display":"","ast-banner-title-visibility":"","ast-main-header-display":"","ast-hfb-above-header-display":"","ast-hfb-below-header-display":"","ast-hfb-mobile-header-display":"","site-post-title":"disabled","ast-breadcrumbs-content":"","ast-featured-img":"","footer-sml-layout":"","ast-disable-related-posts":"","theme-transparent-header-meta":"","adv-header-id-meta":"","stick-header-meta":"","header-above-stick-meta":"","header-main-stick-meta":"","header-below-stick-meta":"","astra-migrate-meta-layouts":"default","ast-page-background-enabled":"default","ast-page-background-meta":{"desktop":{"background-color":"var(--ast-global-color-5)","background-image":"","background-repeat":"repeat","background-position":"center center","background-size":"auto","background-attachment":"scroll","background-type":"","background-media":"","overlay-type":"","overlay-color":"","overlay-opacity":"","overlay-gradient":""},"tablet":{"background-color":"","background-image":"","background-repeat":"repeat","background-position":"center center","background-size":"auto","background-attachment":"scroll","background-type":"","background-media":"","overlay-type":"","overlay-color":"","overlay-opacity":"","overlay-gradient":""},"mobile":{"background-color":"","background-image":"","background-repeat":"repeat","background-position":"center center","background-size":"auto","background-attachment":"scroll","background-type":"","background-media":"","overlay-type":"","overlay-color":"","overlay-opacity":"","overlay-gradient":""}},"ast-content-background-meta":{"desktop":{"background-color":"var(--ast-global-color-4)","background-image":"","background-repeat":"repeat","background-position":"center center","background-size":"auto","background-attachment":"scroll","background-type":"","background-media":"","overlay-type":"","overlay-color":"","overlay-opacity":"","overlay-gradient":""},"tablet":{"background-color":"var(--ast-global-color-4)","background-image":"","background-repeat":"repeat","background-position":"center center","background-size":"auto","background-attachment":"scroll","background-type":"","background-media":"","overlay-type":"","overlay-color":"","overlay-opacity":"","overlay-gradient":""},"mobile":{"background-color":"var(--ast-global-color-4)","background-image":"","background-repeat":"repeat","background-position":"center center","background-size":"auto","background-attachment":"scroll","background-type":"","background-media":"","overlay-type":"","overlay-color":"","overlay-opacity":"","overlay-gradient":""}},"footnotes":""},"class_list":["post-6391","page","type-page","status-publish","hentry"],"aioseo_notices":[],"uagb_featured_image_src":{"full":false,"thumbnail":false,"medium":false,"medium_large":false,"large":false,"1536x1536":false,"2048x2048":false,"mailpoet_newsletter_max":false,"woocommerce_thumbnail":false,"woocommerce_single":false,"woocommerce_gallery_thumbnail":false},"uagb_author_info":{"display_name":"Matias Romoli","author_link":"https:\/\/clubreconquista.org.ar\/index.php\/author\/matias\/"},"uagb_comment_info":0,"uagb_excerpt":"Biblioteca Un espacio pensado para explorar, aprender y descubrir. En la biblioteca de Reconquista vas a encontrar una selecci\u00f3n de contenidos \u00fatiles, interesantes y en constante actualizaci\u00f3n: desde recomendaciones culturales y gu\u00edas locales hasta recursos para aprovechar al m\u00e1ximo la ciudad. Todo organizado para que encuentres r\u00e1pido lo que busc\u00e1s y siempre tengas algo nuevo&hellip;","jetpack_sharing_enabled":true,"_links":{"self":[{"href":"https:\/\/clubreconquista.org.ar\/index.php\/wp-json\/wp\/v2\/pages\/6391","targetHints":{"allow":["GET"]}}],"collection":[{"href":"https:\/\/clubreconquista.org.ar\/index.php\/wp-json\/wp\/v2\/pages"}],"about":[{"href":"https:\/\/clubreconquista.org.ar\/index.php\/wp-json\/wp\/v2\/types\/page"}],"author":[{"embeddable":true,"href":"https:\/\/clubreconquista.org.ar\/index.php\/wp-json\/wp\/v2\/users\/3"}],"replies":[{"embeddable":true,"href":"https:\/\/clubreconquista.org.ar\/index.php\/wp-json\/wp\/v2\/comments?post=6391"}],"version-history":[{"count":22,"href":"https:\/\/clubreconquista.org.ar\/index.php\/wp-json\/wp\/v2\/pages\/6391\/revisions"}],"predecessor-version":[{"id":6447,"href":"https:\/\/clubreconquista.org.ar\/index.php\/wp-json\/wp\/v2\/pages\/6391\/revisions\/6447"}],"wp:attachment":[{"href":"https:\/\/clubreconquista.org.ar\/index.php\/wp-json\/wp\/v2\/media?parent=6391"}],"curies":[{"name":"wp","href":"https:\/\/api.w.org\/{rel}","templated":true}]}}